{"id":2832,"date":"2023-03-16T13:08:09","date_gmt":"2023-03-16T12:08:09","guid":{"rendered":"https:\/\/iacca.net\/?page_id=2832"},"modified":"2025-04-01T21:02:12","modified_gmt":"2025-04-01T19:02:12","slug":"coherence-cardiaque","status":"publish","type":"page","link":"https:\/\/iacca.net\/index.php\/home\/ressources\/coherence-cardiaque\/","title":{"rendered":"Coh\u00e9rence cardiaque"},"content":{"rendered":"\t\t<div data-elementor-type=\"wp-page\" data-elementor-id=\"2832\" class=\"elementor elementor-2832\">\n\t\t\t\t\t\t<section data-wpr-sticky-section=\"yes\" data-wpr-position-type=\"sticky\" data-wpr-position-offset=\"0\" data-wpr-position-location=\"top\" data-wpr-sticky-devices=\"mobile_sticky tablet_sticky desktop_sticky\" data-wpr-custom-breakpoints=\"active\" data-wpr-active-breakpoints=\"mobile_sticky tablet_sticky desktop_sticky\" data-wpr-z-index=\"10\" data-wpr-sticky-hide=\"\" data-wpr-replace-header=\"\" data-wpr-animation-duration=\"\" data-wpr-sticky-type=\"sticky\" class=\"elementor-section elementor-top-section elementor-element elementor-element-e8a0a52 elementor-section-height-min-height wpr-sticky-section-yes elementor-section-full_width elementor-section-height-default elementor-section-items-middle wpr-particle-no wpr-jarallax-no wpr-parallax-no\" data-id=\"e8a0a52\" data-element_type=\"section\" data-e-type=\"section\" data-settings=\"{&quot;background_background&quot;:&quot;classic&quot;,&quot;animation&quot;:&quot;none&quot;,&quot;position_offset&quot;:0,&quot;position_offset_tablet&quot;:0,&quot;position_offset_mobile&quot;:0}\">\n\t\t\t\t\t\t<div class=\"elementor-container elementor-column-gap-default\">\n\t\t\t\t\t<div class=\"elementor-column elementor-col-100 elementor-top-column elementor-element elementor-element-c66d49e\" data-id=\"c66d49e\" data-element_type=\"column\" data-e-type=\"column\">\n\t\t\t<div class=\"elementor-widget-wrap elementor-element-populated\">\n\t\t\t\t\t\t<div class=\"elementor-element elementor-element-291de0e premium-header-block premium-mask-yes premium-mask-tl premium-lq__none premium-box-lq__none elementor-widget elementor-widget-premium-addon-dual-header\" data-id=\"291de0e\" data-element_type=\"widget\" data-e-type=\"widget\" data-widget_type=\"premium-addon-dual-header.default\">\n\t\t\t\t\t\n\t\t<div class=\"elementor-widget-container\">\n\t\t\t\t\t<h2 class=\"premium-dual-header-first-header \"><span class=\"premium-dual-header-first-span\">COHERENCE <\/span><span class=\"premium-dual-header-second-header \">Cardiaque<\/span><\/h2> \t\t\t\t<\/div>\n\n\t\t\t\t\t\t<\/div>\n\t\t\t\t\t<\/div>\n\t\t<\/div>\n\t\t\t\t\t<\/div>\n\t\t<\/section>\n\t\t\t\t<section data-wpr-sticky-section=\"yes\" data-wpr-position-type=\"sticky\" data-wpr-position-offset=\"0\" data-wpr-position-location=\"top\" data-wpr-sticky-devices=\"mobile_sticky tablet_sticky desktop_sticky\" data-wpr-custom-breakpoints=\"active\" data-wpr-active-breakpoints=\"mobile_sticky tablet_sticky desktop_sticky\" data-wpr-z-index=\"10\" data-wpr-sticky-hide=\"\" data-wpr-replace-header=\"\" data-wpr-animation-duration=\"\" data-wpr-sticky-type=\"sticky\" class=\"elementor-section elementor-top-section elementor-element elementor-element-2f15874 elementor-section-height-min-height elementor-section-full_width wpr-sticky-section-yes elementor-section-height-default elementor-section-items-middle wpr-particle-no wpr-jarallax-no wpr-parallax-no\" data-id=\"2f15874\" data-element_type=\"section\" data-e-type=\"section\" data-settings=\"{&quot;background_background&quot;:&quot;classic&quot;,&quot;position_offset&quot;:0,&quot;position_offset_tablet&quot;:0,&quot;position_offset_mobile&quot;:0}\">\n\t\t\t\t\t\t<div class=\"elementor-container elementor-column-gap-default\">\n\t\t\t\t\t<div class=\"elementor-column elementor-col-16 elementor-top-column elementor-element elementor-element-56854e1\" data-id=\"56854e1\" data-element_type=\"column\" data-e-type=\"column\">\n\t\t\t<div class=\"elementor-widget-wrap\">\n\t\t\t\t\t\t\t<\/div>\n\t\t<\/div>\n\t\t\t\t<div class=\"elementor-column elementor-col-66 elementor-top-column elementor-element elementor-element-b8fd63c\" data-id=\"b8fd63c\" data-element_type=\"column\" data-e-type=\"column\">\n\t\t\t<div class=\"elementor-widget-wrap elementor-element-populated\">\n\t\t\t\t\t\t<div class=\"elementor-element elementor-element-bf6667a elementor-widget elementor-widget-text-editor\" data-id=\"bf6667a\" data-element_type=\"widget\" data-e-type=\"widget\" data-widget_type=\"text-editor.default\">\n\t\t\t\t<div class=\"elementor-widget-container\">\n\t\t\t\t\t\t\t\t\t<p style=\"font-weight: 400;\">La coh\u00e9rence cardiaque est une technique de contr\u00f4le respiratoire visant \u00e0 activer le syst\u00e8me parasympathique afin d\u2019en capter tous les b\u00e9n\u00e9fices : activation de l\u2019\u00e9tat de repos physiologique, r\u00e9cup\u00e9ration, rel\u00e2chement, activation de l\u2019appareil digestif entre autres. Pratiqu\u00e9e quotidiennement, la coh\u00e9rence cardiaque permet ainsi d\u2019\u00e9coper ce surplus de stress et de rendre disponible davantage de ressources afin de faire face en cas de n\u00e9cessit\u00e9. D\u00e9velopp\u00e9e par le Dr. David O\u2019Hare, la technique 365 (3 fois par jour, 6 cycles de respiration par minute, 5 minutes par exercice) est accessible \u00e0 tout un chacun. De plus, cette technique est autant efficace que non invasive. Son efficacit\u00e9 est av\u00e9r\u00e9e sur les troubles anxieux, la gestion \u00e9motionnelle, mais \u00e9galement sur la pr\u00e9vention de la rechute d\u00e9pressive.<\/p>\t\t\t\t\t\t\t\t<\/div>\n\t\t\t\t<\/div>\n\t\t\t\t\t<\/div>\n\t\t<\/div>\n\t\t\t\t<div class=\"elementor-column elementor-col-16 elementor-top-column elementor-element elementor-element-f9d1347\" data-id=\"f9d1347\" data-element_type=\"column\" data-e-type=\"column\">\n\t\t\t<div class=\"elementor-widget-wrap\">\n\t\t\t\t\t\t\t<\/div>\n\t\t<\/div>\n\t\t\t\t\t<\/div>\n\t\t<\/section>\n\t\t\t\t<section data-wpr-sticky-section=\"yes\" data-wpr-position-type=\"sticky\" data-wpr-position-offset=\"0\" data-wpr-position-location=\"top\" data-wpr-sticky-devices=\"mobile_sticky tablet_sticky desktop_sticky\" data-wpr-custom-breakpoints=\"active\" data-wpr-active-breakpoints=\"mobile_sticky tablet_sticky desktop_sticky\" data-wpr-z-index=\"10\" data-wpr-sticky-hide=\"\" data-wpr-replace-header=\"\" data-wpr-animation-duration=\"\" data-wpr-sticky-type=\"sticky\" class=\"elementor-section elementor-top-section elementor-element elementor-element-46fea5e elementor-section-height-min-height wpr-sticky-section-yes elementor-section-boxed elementor-section-height-default elementor-section-items-middle wpr-particle-no\" data-id=\"46fea5e\" data-element_type=\"section\" data-e-type=\"section\" data-settings=\"{&quot;background_background&quot;:&quot;classic&quot;,&quot;position_offset&quot;:0,&quot;position_offset_tablet&quot;:0,&quot;position_offset_mobile&quot;:0}\">\n\t\t\t\t\t\t<div class=\"elementor-container elementor-column-gap-default\">\n\t\t\t\t\t<div class=\"elementor-column elementor-col-50 elementor-top-column elementor-element elementor-element-4559749\" data-id=\"4559749\" data-element_type=\"column\" data-e-type=\"column\">\n\t\t\t<div class=\"elementor-widget-wrap elementor-element-populated\">\n\t\t\t\t\t\t<div class=\"elementor-element elementor-element-52d2231 elementor-widget elementor-widget-video\" data-id=\"52d2231\" data-element_type=\"widget\" data-e-type=\"widget\" data-settings=\"{&quot;youtube_url&quot;:&quot;https:\\\/\\\/youtu.be\\\/MLe_Pcy2mdw&quot;,&quot;video_type&quot;:&quot;youtube&quot;,&quot;controls&quot;:&quot;yes&quot;}\" data-widget_type=\"video.default\">\n\t\t\t\t<div class=\"elementor-widget-container\">\n\t\t\t\t\t\t\t<div class=\"elementor-wrapper elementor-open-inline\">\n\t\t\t<div class=\"elementor-video\"><\/div>\t\t<\/div>\n\t\t\t\t\t\t<\/div>\n\t\t\t\t<\/div>\n\t\t\t\t\t<\/div>\n\t\t<\/div>\n\t\t\t\t<div class=\"elementor-column elementor-col-50 elementor-top-column elementor-element elementor-element-81b08e6\" data-id=\"81b08e6\" data-element_type=\"column\" data-e-type=\"column\">\n\t\t\t<div class=\"elementor-widget-wrap elementor-element-populated\">\n\t\t\t\t\t\t<div class=\"elementor-element elementor-element-264090f elementor-widget elementor-widget-text-editor\" data-id=\"264090f\" data-element_type=\"widget\" data-e-type=\"widget\" data-widget_type=\"text-editor.default\">\n\t\t\t\t<div class=\"elementor-widget-container\">\n\t\t\t\t\t\t\t\t\t<p>Dans cette vid\u00e9o, le Dr David O&rsquo;Hare nous explique ce qu&rsquo;est la Coh\u00e9rence cardiaque &#8211; une pratique respiratoire dans la gestion du stress. D\u00e9couvrez ce qu&rsquo;est la coh\u00e9rence cardiaque, ses bienfaits, sa pratique et les contre-indications<\/p>\t\t\t\t\t\t\t\t<\/div>\n\t\t\t\t<\/div>\n\t\t\t\t\t<\/div>\n\t\t<\/div>\n\t\t\t\t\t<\/div>\n\t\t<\/section>\n\t\t\t\t<section data-wpr-sticky-section=\"yes\" data-wpr-position-type=\"sticky\" data-wpr-position-offset=\"0\" data-wpr-position-location=\"top\" data-wpr-sticky-devices=\"mobile_sticky tablet_sticky desktop_sticky\" data-wpr-custom-breakpoints=\"active\" data-wpr-active-breakpoints=\"mobile_sticky tablet_sticky desktop_sticky\" data-wpr-z-index=\"10\" data-wpr-sticky-hide=\"\" data-wpr-replace-header=\"\" data-wpr-animation-duration=\"\" data-wpr-sticky-type=\"sticky\" class=\"elementor-section elementor-top-section elementor-element elementor-element-452db2b elementor-section-height-min-height wpr-sticky-section-yes elementor-section-full_width elementor-section-height-default elementor-section-items-middle wpr-particle-no\" data-id=\"452db2b\" data-element_type=\"section\" data-e-type=\"section\" data-settings=\"{&quot;background_background&quot;:&quot;classic&quot;,&quot;position_offset&quot;:0,&quot;position_offset_tablet&quot;:0,&quot;position_offset_mobile&quot;:0}\">\n\t\t\t\t\t\t<div class=\"elementor-container elementor-column-gap-default\">\n\t\t\t\t\t<div class=\"elementor-column elementor-col-50 elementor-top-column elementor-element elementor-element-a8c2074\" data-id=\"a8c2074\" data-element_type=\"column\" data-e-type=\"column\">\n\t\t\t<div class=\"elementor-widget-wrap elementor-element-populated\">\n\t\t\t\t\t\t<div class=\"elementor-element elementor-element-367dcef elementor-widget elementor-widget-text-editor\" data-id=\"367dcef\" data-element_type=\"widget\" data-e-type=\"widget\" data-widget_type=\"text-editor.default\">\n\t\t\t\t<div class=\"elementor-widget-container\">\n\t\t\t\t\t\t\t\t\t<p>Voici quelques exercices simples et pratiques pour am\u00e9liorer votre quotidien.<\/p>\t\t\t\t\t\t\t\t<\/div>\n\t\t\t\t<\/div>\n\t\t\t\t\t<\/div>\n\t\t<\/div>\n\t\t\t\t<div class=\"elementor-column elementor-col-50 elementor-top-column elementor-element elementor-element-b53343b\" data-id=\"b53343b\" data-element_type=\"column\" data-e-type=\"column\">\n\t\t\t<div class=\"elementor-widget-wrap elementor-element-populated\">\n\t\t\t\t\t\t<div class=\"elementor-element elementor-element-9da1875 elementor-widget elementor-widget-video\" data-id=\"9da1875\" data-element_type=\"widget\" data-e-type=\"widget\" data-settings=\"{&quot;youtube_url&quot;:&quot;https:\\\/\\\/youtu.be\\\/IFvC60OitMo&quot;,&quot;video_type&quot;:&quot;youtube&quot;,&quot;controls&quot;:&quot;yes&quot;}\" data-widget_type=\"video.default\">\n\t\t\t\t<div class=\"elementor-widget-container\">\n\t\t\t\t\t\t\t<div class=\"elementor-wrapper elementor-open-inline\">\n\t\t\t<div class=\"elementor-video\"><\/div>\t\t<\/div>\n\t\t\t\t\t\t<\/div>\n\t\t\t\t<\/div>\n\t\t\t\t\t<\/div>\n\t\t<\/div>\n\t\t\t\t\t<\/div>\n\t\t<\/section>\n\t\t\t\t<section data-wpr-sticky-section=\"yes\" data-wpr-position-type=\"sticky\" data-wpr-position-offset=\"0\" data-wpr-position-location=\"top\" data-wpr-sticky-devices=\"mobile_sticky tablet_sticky desktop_sticky\" data-wpr-custom-breakpoints=\"active\" data-wpr-active-breakpoints=\"mobile_sticky tablet_sticky desktop_sticky\" data-wpr-z-index=\"10\" data-wpr-sticky-hide=\"\" data-wpr-replace-header=\"\" data-wpr-animation-duration=\"\" data-wpr-sticky-type=\"sticky\" class=\"elementor-section elementor-top-section elementor-element elementor-element-42b4102 elementor-section-height-min-height wpr-sticky-section-yes elementor-section-full_width elementor-section-height-default elementor-section-items-middle wpr-particle-no\" data-id=\"42b4102\" data-element_type=\"section\" data-e-type=\"section\" data-settings=\"{&quot;background_background&quot;:&quot;classic&quot;,&quot;position_offset&quot;:0,&quot;position_offset_tablet&quot;:0,&quot;position_offset_mobile&quot;:0}\">\n\t\t\t\t\t\t<div class=\"elementor-container elementor-column-gap-default\">\n\t\t\t\t\t<div class=\"elementor-column elementor-col-33 elementor-top-column elementor-element elementor-element-0c9733e\" data-id=\"0c9733e\" data-element_type=\"column\" data-e-type=\"column\">\n\t\t\t<div class=\"elementor-widget-wrap\">\n\t\t\t\t\t\t\t<\/div>\n\t\t<\/div>\n\t\t\t\t<div class=\"elementor-column elementor-col-33 elementor-top-column elementor-element elementor-element-56e72fe\" data-id=\"56e72fe\" data-element_type=\"column\" data-e-type=\"column\">\n\t\t\t<div class=\"elementor-widget-wrap elementor-element-populated\">\n\t\t\t\t\t\t<div class=\"elementor-element elementor-element-41280e8 elementor-widget elementor-widget-text-editor\" data-id=\"41280e8\" data-element_type=\"widget\" data-e-type=\"widget\" data-widget_type=\"text-editor.default\">\n\t\t\t\t<div class=\"elementor-widget-container\">\n\t\t\t\t\t\t\t\t\t<p>Ces quelques applications peuvent vous permettre d&rsquo;am\u00e9liorer votre capacit\u00e9 \u00e0 entrer en coh\u00e9rence cardiaque.<\/p>\t\t\t\t\t\t\t\t<\/div>\n\t\t\t\t<\/div>\n\t\t\t\t<div class=\"elementor-element elementor-element-9eac6a1 elementor-widget elementor-widget-spacer\" data-id=\"9eac6a1\" data-element_type=\"widget\" data-e-type=\"widget\" data-widget_type=\"spacer.default\">\n\t\t\t\t<div class=\"elementor-widget-container\">\n\t\t\t\t\t\t\t<div class=\"elementor-spacer\">\n\t\t\t<div class=\"elementor-spacer-inner\"><\/div>\n\t\t<\/div>\n\t\t\t\t\t\t<\/div>\n\t\t\t\t<\/div>\n\t\t\t\t<div class=\"elementor-element elementor-element-126bb65 elementor-widget__width-initial wpr-image-accordion-row wpr-image-accordion-interaction-hover wpr-acc-border-outer elementor-widget elementor-widget-wpr-image-accordion\" data-id=\"126bb65\" data-element_type=\"widget\" data-e-type=\"widget\" data-widget_type=\"wpr-image-accordion.default\">\n\t\t\t\t<div class=\"elementor-widget-container\">\n\t\t\t\t\t\n\t\t<div class=\"wpr-image-accordion-wrap \">\n\n\t\t\t\t\t\t\t<div class=\"wpr-image-accordion\">\n\t\t\t\n\t\t\t\n\t\t\t\t<div data-src=https:\/\/iacca.net\/wp-content\/uploads\/2022\/11\/RespiRelax-150x150.png   class=\"wpr-image-accordion-item elementor-repeater-item-2cc1aa4 wpr-effect-size-\">\n\n\t\t\t\t<div class=\"wpr-accordion-background\" style=\"background-image: url(https:\/\/iacca.net\/wp-content\/uploads\/2022\/11\/RespiRelax-150x150.png);\"><\/div>\n\t\t\t\t\t\t\t\n\t\t\t\t\t\t\t<div class=\"wpr-img-accordion-media-hover wpr-animation-wrap\" data-settings=\"{&quot;activeItem&quot;:{&quot;activeWidth&quot;:4,&quot;defaultActive&quot;:0,&quot;interaction&quot;:&quot;hover&quot;,&quot;overlayLink&quot;:&quot;&quot;,&quot;overlayLinkTarget&quot;:&quot;_self&quot;}}\" data-src=\"https:\/\/iacca.net\/wp-content\/uploads\/2022\/11\/RespiRelax-150x150.png\"><div class=\"wpr-img-accordion-hover-bg  wpr-overlay-fade-in wpr-anim-size-large wpr-anim-timing-ease-default wpr-anim-transparency\"><\/div><div class=\"wpr-cv-container\"><div class=\"wpr-cv-outer\"><div class=\"wpr-cv-inner\"><div class=\"wpr-img-accordion-media-hover-middle elementor-clearfix\"><h2 class=\"wpr-img-accordion-item-title elementor-repeater-item-e0def48 wpr-img-accordion-item-display-block wpr-img-accordion-item-align-center wpr-element-fade-in wpr-anim-size-large wpr-anim-timing-ease-default wpr-anim-transparency\"><div class=\"inner-block\"><a class=\"wpr-pointer-item\">RespiRelax +<\/a><\/div><\/h2><\/div><\/div><\/div><\/div><\/div>\t\t\t\t<\/div>\n\n\t\t\t\n\t\t\t\t<div data-src=https:\/\/iacca.net\/wp-content\/uploads\/2022\/11\/Ma-coherence-cardiaque-150x150.png   class=\"wpr-image-accordion-item elementor-repeater-item-527ed62 wpr-effect-size-\">\n\n\t\t\t\t<div class=\"wpr-accordion-background\" style=\"background-image: url(https:\/\/iacca.net\/wp-content\/uploads\/2022\/11\/Ma-coherence-cardiaque-150x150.png);\"><\/div>\n\t\t\t\t\t\t\t\n\t\t\t\t\t\t\t<div class=\"wpr-img-accordion-media-hover wpr-animation-wrap\" data-settings=\"{&quot;activeItem&quot;:{&quot;activeWidth&quot;:4,&quot;defaultActive&quot;:0,&quot;interaction&quot;:&quot;hover&quot;,&quot;overlayLink&quot;:&quot;&quot;,&quot;overlayLinkTarget&quot;:&quot;_self&quot;}}\" data-src=\"https:\/\/iacca.net\/wp-content\/uploads\/2022\/11\/Ma-coherence-cardiaque-150x150.png\"><div class=\"wpr-img-accordion-hover-bg  wpr-overlay-fade-in wpr-anim-size-large wpr-anim-timing-ease-default wpr-anim-transparency\"><\/div><div class=\"wpr-cv-container\"><div class=\"wpr-cv-outer\"><div class=\"wpr-cv-inner\"><div class=\"wpr-img-accordion-media-hover-middle elementor-clearfix\"><h2 class=\"wpr-img-accordion-item-title elementor-repeater-item-e0def48 wpr-img-accordion-item-display-block wpr-img-accordion-item-align-center wpr-element-fade-in wpr-anim-size-large wpr-anim-timing-ease-default wpr-anim-transparency\"><div class=\"inner-block\"><a class=\"wpr-pointer-item\">Ma coh\u00e9rence cardiaque<\/a><\/div><\/h2><\/div><\/div><\/div><\/div><\/div>\t\t\t\t<\/div>\n\n\t\t\t            \n\t\t\t<\/div>\n\t\t<\/div>\n\n\t\t\t\t\t\t<\/div>\n\t\t\t\t<\/div>\n\t\t\t\t\t<\/div>\n\t\t<\/div>\n\t\t\t\t<div class=\"elementor-column elementor-col-33 elementor-top-column elementor-element elementor-element-120c31b\" data-id=\"120c31b\" data-element_type=\"column\" data-e-type=\"column\">\n\t\t\t<div class=\"elementor-widget-wrap\">\n\t\t\t\t\t\t\t<\/div>\n\t\t<\/div>\n\t\t\t\t\t<\/div>\n\t\t<\/section>\n\t\t\t\t<section data-wpr-sticky-section=\"yes\" data-wpr-position-type=\"sticky\" data-wpr-position-offset=\"0\" data-wpr-position-location=\"top\" data-wpr-sticky-devices=\"mobile_sticky tablet_sticky desktop_sticky\" data-wpr-custom-breakpoints=\"active\" data-wpr-active-breakpoints=\"mobile_sticky tablet_sticky desktop_sticky\" data-wpr-z-index=\"10\" data-wpr-sticky-hide=\"\" data-wpr-replace-header=\"\" data-wpr-animation-duration=\"\" data-wpr-sticky-type=\"sticky\" class=\"elementor-section elementor-top-section elementor-element elementor-element-45736d9 elementor-section-height-min-height wpr-sticky-section-yes elementor-section-full_width elementor-section-height-default elementor-section-items-middle wpr-particle-no wpr-jarallax-no wpr-parallax-no\" data-id=\"45736d9\" data-element_type=\"section\" data-e-type=\"section\" data-settings=\"{&quot;background_background&quot;:&quot;classic&quot;,&quot;position_offset&quot;:0,&quot;position_offset_tablet&quot;:0,&quot;position_offset_mobile&quot;:0}\">\n\t\t\t\t\t\t<div class=\"elementor-container elementor-column-gap-default\">\n\t\t\t\t\t<div class=\"elementor-column elementor-col-16 elementor-top-column elementor-element elementor-element-e170d83\" data-id=\"e170d83\" data-element_type=\"column\" data-e-type=\"column\">\n\t\t\t<div class=\"elementor-widget-wrap\">\n\t\t\t\t\t\t\t<\/div>\n\t\t<\/div>\n\t\t\t\t<div class=\"elementor-column elementor-col-66 elementor-top-column elementor-element elementor-element-1d7036d\" data-id=\"1d7036d\" data-element_type=\"column\" data-e-type=\"column\">\n\t\t\t<div class=\"elementor-widget-wrap elementor-element-populated\">\n\t\t\t\t\t\t<div class=\"elementor-element elementor-element-0ec12a4 premium-video__glow-none elementor-widget elementor-widget-premium-addon-video-box\" data-id=\"0ec12a4\" data-element_type=\"widget\" data-e-type=\"widget\" data-settings=\"{&quot;premium_video_box_video_type&quot;:&quot;youtube&quot;,&quot;aspect_ratio&quot;:&quot;169&quot;}\" data-widget_type=\"premium-addon-video-box.default\">\n\t\t\t\t<div class=\"elementor-widget-container\">\n\t\t\t\t\t\n\n\t\t\n\t\t\t\t\t<div id=\"premium-video-box-container-0ec12a4\" class=\"premium-video-box-container\" data-overlay=\"false\" data-type=\"youtube\" data-thumbnail=\"1\" data-hover=\"zoomin\">\n\t\t\t\t<div  >\n\t\t\t\t\t\n\t\t\t\t\t<div class=\"premium-video-box-inner-wrap\" data-video-animation=\" animated-\" data-delay-animation=\"\">\n\t\t\t\t\t\t<div data-src=\"https:\/\/www.youtube.com\/embed\/dGJkzyKHKUE?feature=oembed&amp;rel=0&amp;mute=0&amp;loop=0&amp;controls=1&amp;playsinline=0&amp;cc_load_policy=0&amp;start=12&amp;end=322\" class=\"premium-video-box-video-container\">\n\t\t\t\t\t\t\t\n\t\t\t\t\t\t\t\t\t\t\t\t\t<\/div>\n\t\t\t\t\t\t\t<div style=\"background-image:url(&#039;https:\/\/i.ytimg.com\/vi\/dGJkzyKHKUE\/maxresdefault.jpg&#039;)\" class=\"premium-video-box-image-container zoomin\"><\/div>\n\t\t\t\t\t\t\t\t\t\t\t\t\t\t\t\t\t\t\t\t\t\t\t\t\t\t\t<div class=\"premium-video-box-play-icon-container\">\n\t\t\t\t\t\t\t\t<svg class=\"premium-video-box-play-icon e-font-icon-svg e-fas-play\" aria-hidden=\"true\" viewBox=\"0 0 448 512\" xmlns=\"http:\/\/www.w3.org\/2000\/svg\"><path d=\"M424.4 214.7L72.4 6.6C43.8-10.3 0 6.1 0 47.9V464c0 37.5 40.7 60.1 72.4 41.3l352-208c31.4-18.5 31.5-64.1 0-82.6z\"><\/path><\/svg>\t\t\t\t\t\t\t<\/div>\n\t\t\t\t\t\t\t\t\t\t\t\t\t\t\t\t\t<\/div>\n\n\t\t\t\t<\/div>\n\t\t\t<\/div>\n\t\t\n\t\t\t\t\t\t<\/div>\n\t\t\t\t<\/div>\n\t\t\t\t<div class=\"elementor-element elementor-element-33c3fe2 elementor-fixed animated-slow wpr-button-icon-a-position-left wpr-button-icon-b-position-right elementor-invisible elementor-widget elementor-widget-wpr-dual-button\" data-id=\"33c3fe2\" data-element_type=\"widget\" data-e-type=\"widget\" data-settings=\"{&quot;_position&quot;:&quot;fixed&quot;,&quot;_animation&quot;:&quot;fadeIn&quot;,&quot;_animation_delay&quot;:4000}\" data-widget_type=\"wpr-dual-button.default\">\n\t\t\t\t<div class=\"elementor-widget-container\">\n\t\t\t\t\t\t\n\t<div class=\"wpr-dual-button\">\n\t\t\t\t\n\t\t\n\t\t<div class=\"wpr-button-a-wrap elementor-clearfix\">\n\t\t<a class=\"wpr-button-a wpr-button-effect wpr-button-none\" data-text=\"Go 1\" href=\"https:\/\/iacca.net\/\">\n\t\t\t\n\t\t\t<span class=\"wpr-button-content-a\">\n\t\t\t\t\t\t\t\t\t<span class=\"wpr-button-text-a\">Accueil<\/span>\n\t\t\t\t\t\t\t\t\n\t\t\t\t\t\t\t<\/span>\n\t\t<\/a>\n\n\t\t\n\t\t\n\t\t<\/div>\n\n\t\t\n\t\t\t\t\t\n\t\t\n\t\t<div class=\"wpr-button-b-wrap elementor-clearfix\">\n\t\t<a class=\"wpr-button-b wpr-button-effect wpr-button-none\" data-text=\"Go\" href=\"https:\/\/iacca.net\/index.php\/home\/ressources\/\">\n\t\t\t\n\t\t\t<span class=\"wpr-button-content-b\">\n\t\t\t\t\t\t\t\t\t<span class=\"wpr-button-text-b\">Ressources<\/span>\n\t\t\t\t\t\t\t\t\n\t\t\t\t\t\t\t<\/span>\n\t\t<\/a>\n\n\t\t\t\t<\/div>\n\t\n\t\t\t<\/div>\n\t\t\t\t\t<\/div>\n\t\t\t\t<\/div>\n\t\t\t\t\t<\/div>\n\t\t<\/div>\n\t\t\t\t<div class=\"elementor-column elementor-col-16 elementor-top-column elementor-element elementor-element-082623d\" data-id=\"082623d\" data-element_type=\"column\" data-e-type=\"column\">\n\t\t\t<div class=\"elementor-widget-wrap\">\n\t\t\t\t\t\t\t<\/div>\n\t\t<\/div>\n\t\t\t\t\t<\/div>\n\t\t<\/section>\n\t\t\t\t<\/div>\n\t\t","protected":false},"excerpt":{"rendered":"<p>COHERENCE Cardiaque La coh\u00e9rence cardiaque est une technique de contr\u00f4le respiratoire visant \u00e0 activer le syst\u00e8me parasympathique afin d\u2019en capter tous les<\/p>\n","protected":false},"author":2,"featured_media":0,"parent":664,"menu_order":0,"comment_status":"closed","ping_status":"closed","template":"elementor_canvas","meta":{"footnotes":""},"class_list":["post-2832","page","type-page","status-publish","hentry"],"aioseo_notices":[],"jetpack_sharing_enabled":true,"_links":{"self":[{"href":"https:\/\/iacca.net\/index.php\/wp-json\/wp\/v2\/pages\/2832","targetHints":{"allow":["GET"]}}],"collection":[{"href":"https:\/\/iacca.net\/index.php\/wp-json\/wp\/v2\/pages"}],"about":[{"href":"https:\/\/iacca.net\/index.php\/wp-json\/wp\/v2\/types\/page"}],"author":[{"embeddable":true,"href":"https:\/\/iacca.net\/index.php\/wp-json\/wp\/v2\/users\/2"}],"replies":[{"embeddable":true,"href":"https:\/\/iacca.net\/index.php\/wp-json\/wp\/v2\/comments?post=2832"}],"version-history":[{"count":0,"href":"https:\/\/iacca.net\/index.php\/wp-json\/wp\/v2\/pages\/2832\/revisions"}],"up":[{"embeddable":true,"href":"https:\/\/iacca.net\/index.php\/wp-json\/wp\/v2\/pages\/664"}],"wp:attachment":[{"href":"https:\/\/iacca.net\/index.php\/wp-json\/wp\/v2\/media?parent=2832"}],"curies":[{"name":"wp","href":"https:\/\/api.w.org\/{rel}","templated":true}]}}